{"id":127,"date":"2018-09-20T10:32:38","date_gmt":"2018-09-20T08:32:38","guid":{"rendered":"http:\/\/www.filmka.cz\/?page_id=127"},"modified":"2025-01-14T00:35:05","modified_gmt":"2025-01-13T23:35:05","slug":"contacts","status":"publish","type":"page","link":"https:\/\/www.filmka.cz\/en\/contacts\/","title":{"rendered":"Contacts"},"content":{"rendered":"<h3>FILMKA Stunt Team \u2013 sdru\u017een\u00ed<\/h3>\n<p><strong>Ladislav Lahoda, Robert Lahoda<\/strong><br \/>\nNad \u0160\u00e1rkou 606\/1<br \/>\n160 00\u00a0 Praha 6<\/p>\n<h3>Head of Team and Member of AMPAS<\/h3>\n<p><strong>Ladislav Lahoda<\/strong><br \/>\ntel.: +420 602 305 304<br \/>\nemail:\u00a0<a href=\"mailto:lahoda@filmka.cz\">lahoda@filmka.cz<\/a><\/p>\n<h3>Head of Team and Stunt &amp; Rigging Coordinator<\/h3>\n<p><strong>Robert Lahoda<\/strong><br \/>\ntel.: +420 602 625 178<br \/>\nemail:\u00a0<a href=\"mailto:robin@filmka.cz\">robin@filmka.cz<\/a><\/p>\n<h3>Manager<\/h3>\n<p><strong>Katka Lahodov\u00e1<\/strong><br \/>\ntel.: +420 603 232 665<br \/>\nemail:\u00a0<a href=\"mailto:katka@filmka.cz\">katka@filmka.cz<\/a><\/p>\n<p>&nbsp;<\/p>\n","protected":false},"excerpt":{"rendered":"<p>FILMKA Stunt Team \u2013 sdru\u017een\u00ed Ladislav Lahoda, Robert Lahoda Nad \u0160\u00e1rkou 606\/1 160 00\u00a0 Praha 6 Head of Team and Member of AMPAS Ladislav Lahoda tel.: +420 602 305 304 email:\u00a0lahoda@filmka.cz Head of Team and Stunt &amp; Rigging Coordinator Robert Lahoda tel.: +420 602 625 178 email:\u00a0robin@filmka.cz Manager Katka Lahodov\u00e1 tel.: +420 603 232 665 [&hellip;]<\/p>\n","protected":false},"author":1,"featured_media":0,"parent":0,"menu_order":0,"comment_status":"closed","ping_status":"closed","template":"","meta":{"_acf_changed":false,"footnotes":""},"class_list":["post-127","page","type-page","status-publish","hentry"],"acf":[],"_links":{"self":[{"href":"https:\/\/www.filmka.cz\/en\/wp-json\/wp\/v2\/pages\/127","targetHints":{"allow":["GET"]}}],"collection":[{"href":"https:\/\/www.filmka.cz\/en\/wp-json\/wp\/v2\/pages"}],"about":[{"href":"https:\/\/www.filmka.cz\/en\/wp-json\/wp\/v2\/types\/page"}],"author":[{"embeddable":true,"href":"https:\/\/www.filmka.cz\/en\/wp-json\/wp\/v2\/users\/1"}],"replies":[{"embeddable":true,"href":"https:\/\/www.filmka.cz\/en\/wp-json\/wp\/v2\/comments?post=127"}],"version-history":[{"count":8,"href":"https:\/\/www.filmka.cz\/en\/wp-json\/wp\/v2\/pages\/127\/revisions"}],"predecessor-version":[{"id":8116,"href":"https:\/\/www.filmka.cz\/en\/wp-json\/wp\/v2\/pages\/127\/revisions\/8116"}],"wp:attachment":[{"href":"https:\/\/www.filmka.cz\/en\/wp-json\/wp\/v2\/media?parent=127"}],"curies":[{"name":"wp","href":"https:\/\/api.w.org\/{rel}","templated":true}]}}